{"id":162,"date":"2015-06-23T16:41:56","date_gmt":"2015-06-23T14:41:56","guid":{"rendered":"http:\/\/m85.corsidistudio.unina.it\/?page_id=162"},"modified":"2015-11-16T19:20:56","modified_gmt":"2015-11-16T18:20:56","slug":"home","status":"publish","type":"page","link":"https:\/\/m85.corsidistudio.unina.it\/","title":{"rendered":"Home"},"content":{"rendered":"<p style=\"text-align: justify\"><a href=\"http:\/\/m85.corsidistudio.unina.it\/wp-content\/uploads\/sites\/19\/2015\/06\/images-1.jpg\"><img loading=\"lazy\" decoding=\"async\" class=\" size-full wp-image-217 alignleft\" src=\"http:\/\/m85.corsidistudio.unina.it\/wp-content\/uploads\/sites\/19\/2015\/06\/images-1.jpg\" alt=\"images (1)\" width=\"259\" height=\"194\" \/><\/a>I laureati in Tecniche Ortopediche sono operatori sanitari cui competono le attribuzioni previste dal D.M. Ministero della Sanit\u00e0 26 settembre 1999 N\u00b0 745 e successive modificazioni ed integrazioni.\u00a0Il profilo professionale dei laureati dovr\u00e0 comprendere la conoscenza delle capacit\u00e0 per svolgere attivit\u00e0 di laboratorio ortopedico relative alla ideazione, costruzione, messa in opera di una serie di strutture ortopediche (ortesi, tutori, protesi esterne sia estetiche che funzionali, endoprotesi, artroprotesi etc.) vicarianti o sostituenti una\u00a0 o pi\u00f9 funzioni organiche deficitarie o perdute. I laureati in tecniche ortopediche dovranno saper svolgere,\u00a0 <a href=\"http:\/\/m85.corsidistudio.unina.it\/wp-content\/uploads\/sites\/19\/2015\/06\/images-2.jpg\"><img loading=\"lazy\" decoding=\"async\" class=\" size-full wp-image-218 alignright\" src=\"http:\/\/m85.corsidistudio.unina.it\/wp-content\/uploads\/sites\/19\/2015\/06\/images-2.jpg\" alt=\"images (2)\" width=\"238\" height=\"212\" \/><\/a>con autonomia tecnico professionale, le loro prestazioni lavorative anche in diretta collaborazione con il personale medico-specialistico di varie specialit\u00e0 mediche e specialmente ortopedia e traumatologia e terapia fisica e riabilitazione preposto alle diverse responsabilit\u00e0 operative di appartenenza; saranno responsabili, nelle strutture di laboratorio ortopedico, del corretto adempimento delle procedure analitiche e del loro operato, nell&#8217;ambito delle loro funzioni in applicazione dei protocolli di lavoro definiti dai dirigenti responsabili; verificheranno la corrispondenza delle prestazioni erogate agli indicatori e standard predefiniti dal responsabile della struttura; controlleranno e verificheranno il corretto funzionamento delle apparecchiature utilizzate, provvedendo alla manutenzione ordinaria ed alla eventuale eliminazione di piccoli inconvenienti; parteciperanno alla programmazione e organizzazione del lavoro nell&#8217;ambito della struttura in cui operano. Contribuiranno alla formazione del personale di supporto e concorreranno direttamente all&#8217;aggiornamento relativo al loro profilo professionale e alla ricerca. I laureati nel corso di laurea in Tecniche Ortopediche svolgeranno l\u2019attivit\u00e0 di tecnico ortopedico nei vari ruoli ed ambiti professionali sanitari pubblici e privati.<\/p>\n","protected":false},"excerpt":{"rendered":"<p>I laureati in Tecniche Ortopediche sono operatori sanitari cui competono le attribuzioni previste dal D.M. Ministero della Sanit\u00e0 26 settembre 1999 N\u00b0 745 e successive &#8230; <\/p>\n","protected":false},"author":3,"featured_media":0,"parent":0,"menu_order":0,"comment_status":"open","ping_status":"open","template":"","meta":{"footnotes":""},"class_list":["post-162","page","type-page","status-publish","hentry"],"_links":{"self":[{"href":"https:\/\/m85.corsidistudio.unina.it\/index.php?rest_route=\/wp\/v2\/pages\/162","targetHints":{"allow":["GET"]}}],"collection":[{"href":"https:\/\/m85.corsidistudio.unina.it\/index.php?rest_route=\/wp\/v2\/pages"}],"about":[{"href":"https:\/\/m85.corsidistudio.unina.it\/index.php?rest_route=\/wp\/v2\/types\/page"}],"author":[{"embeddable":true,"href":"https:\/\/m85.corsidistudio.unina.it\/index.php?rest_route=\/wp\/v2\/users\/3"}],"replies":[{"embeddable":true,"href":"https:\/\/m85.corsidistudio.unina.it\/index.php?rest_route=%2Fwp%2Fv2%2Fcomments&post=162"}],"version-history":[{"count":5,"href":"https:\/\/m85.corsidistudio.unina.it\/index.php?rest_route=\/wp\/v2\/pages\/162\/revisions"}],"predecessor-version":[{"id":219,"href":"https:\/\/m85.corsidistudio.unina.it\/index.php?rest_route=\/wp\/v2\/pages\/162\/revisions\/219"}],"wp:attachment":[{"href":"https:\/\/m85.corsidistudio.unina.it\/index.php?rest_route=%2Fwp%2Fv2%2Fmedia&parent=162"}],"curies":[{"name":"wp","href":"https:\/\/api.w.org\/{rel}","templated":true}]}}