{"id":38,"date":"2015-06-22T12:29:59","date_gmt":"2015-06-22T10:29:59","guid":{"rendered":"http:\/\/m85.corsidistudio.unina.it\/?page_id=38"},"modified":"2026-02-03T13:23:38","modified_gmt":"2026-02-03T12:23:38","slug":"avvisi","status":"publish","type":"page","link":"https:\/\/m85.corsidistudio.unina.it\/?page_id=38","title":{"rendered":"Avvisi"},"content":{"rendered":"<div>\n<div>\n<div>vi comunico che sono aperte, su Esol.unina, le iscrizioni al placement test di lingua inglese rivolto agli studenti iscritti al 1 anno delle Professioni Sanitarie triennali. Si invitano gli studenti ad iscriversi ad un solo gruppo per non togliere posti ai colleghi. Appena saranno riempite tutte le slot orarie si provveder\u00e0 ad aprire ulteriori finestre.<\/div>\n<h4><\/h4>\n<\/div>\n<div><\/div>\n<\/div>\n<div>PER GLI IMMATRICOLATI DEL 1 ANNO IL TIROCINIO SI TERRA PRESSO LA SALA GESSI AOU FEDERICO 2 NAPOLI EDIFICIO 12<\/div>\n<div>\n<div><\/div>\n<div><\/div>\n<div><\/div>\n<div><\/div>\n<div><\/div>\n<div>*AVVISO AGLI STUDENTI*<\/div>\n<div><\/div>\n<div>Si informano gli studenti regolarmente iscritti (matricole, dottorandi, specializzandi, iscritti a master e corsi di perfezionamento) che da *mercoled\u00ec 24 settembre 2025 (ore 9:00) a luned\u00ec 29 settembre 2025 (ore 23:59)*, saranno aperte le *prenotazioni per il Placement Test* che si svolger\u00e0 l&#8217;*11 novembre 2025*.<\/div>\n<div><\/div>\n<div>A questi corsi non sar\u00e0 possibile ammettere il personale docente, tecnico-amministrativo e bibliotecario.<\/div>\n<div><\/div>\n<div>Gli studenti che si collocheranno utilmente in graduatoria per ordine di prenotazione potranno partecipare a un *corso di preparazione del livello conseguito al placement test,* finalizzato al conseguimento di una delle seguenti *certificazioni internazionali di lingua inglese*, erogate dal Centro Linguistico di Ateneo:<\/div>\n<div><\/div>\n<div>\u00a0 * *Cambridge University Press &amp; Assessment:*B1 Preliminary, B2 First,<\/div>\n<div>\u00a0 \u00a0 C1 Advanced<\/div>\n<div>\u00a0 * *British Council*: IELTS<\/div>\n<div><\/div>\n<div>Gli studenti in possesso di una certificazione internazionale di lingua inglese conseguita *entro i due anni precedenti alla data del test*, sono esonerati dal sostenere il placement test. Tali studenti dovranno comunque *effettuare la prenotazione e collocarsi utilmente in<\/div>\n<div>graduatoria* e, in caso di ammissione, saranno inseriti in un corso del livello successivo a quello attestato dalla certificazione posseduta.<\/div>\n<div><\/div>\n<div>Gli studenti che abbiano sostenuto un *placement test presso il CLA a partire da giugno 2025* sono esonerati dal sostenerlo nuovamente, ma dovranno *prenotarsi* *e collocarsi utilmente in graduatoria*. In caso di ammissione verranno inseriti nella classe del livello conseguito.<\/div>\n<div><\/div>\n<div>Relativamente al corso di preparazione alla certificazione *IELTS*, si avvisano gli studenti che il corso avr\u00e0 luogo solo se un numero sufficiente di studenti sosterr\u00e0 il placement test per la preparazione a tale certificazione; in caso contrario gli studenti confluiranno in una classe Cambridge.<\/div>\n<div><\/div>\n<div>Gli eventuali studenti rinunciatari dovranno formalizzare la propria rinuncia inviando un\u2019e-mail a <a class=\"mailto-link\" href=\"mailto:certificazioni.cla@unina.it\" target=\"_blank\" rel=\"noopener\">certificazioni.cla@unina.it<\/a>\u00a0specificando nell\u2019oggetto \u201cRinuncia partecipazione corso di preparazione a una certificazione internazionale II semestre 2025\/2026.\u201d<\/div>\n<div><\/div>\n<div>Gli studenti *non ammessi* per esaurimento dei posti disponibili, verranno inseriti in *una lista d\u2019attesa *da cui si attinger\u00e0 in caso di rinunce di studenti ammessi.<\/div>\n<div><\/div>\n<div>In fase di prenotazione sar\u00e0 richiesto di allegare una copia della certificazione internazionale in proprio possesso o ad autocertificare il livello conseguito a seguito del placement test e la Direzione provveder\u00e0 a effettuare un controllo della veridicit\u00e0 delle dichiarazioni rilasciate.<\/div>\n<div><\/div>\n<div>Costi:<\/div>\n<div><\/div>\n<div>\u00a0 * *Placement Test*: gratuito<\/div>\n<div>\u00a0 * *Corso di preparazione e esame di certificazione Cambridge*: quota<\/div>\n<div>\u00a0 \u00a0 di partecipazione *\u20ac 350*<\/div>\n<div>\u00a0 * *Corso di preparazione e esame di certificazione IELTS:* quota di<\/div>\n<div>\u00a0 \u00a0 partecipazione *\u20ac 150* + tassa d&#8217;esame di \u20ac *269* riservata agli<\/div>\n<div>\u00a0 \u00a0 studenti dell\u2019Ateneo (vedi: International English Language Testing<\/div>\n<div>\u00a0 \u00a0 System (IELTS) &#8211; CLA &#8211; Universit\u00e0 di Napoli<\/div>\n<div>\u00a0 \u00a0 &lt;<a href=\"https:\/\/www.cla.unina.it\/ielts\" target=\"_blank\" rel=\"noopener\">https:\/\/www.cla.unina.it\/ielts<\/a>&gt;\u00a0).Il pagamento della tassa d\u2019esame<\/div>\n<div>\u00a0 \u00a0 deve essere effettuato direttamente sul sito del British Council al<\/div>\n<div>\u00a0 \u00a0 momento dell\u2019iscrizione all&#8217;esame di certificazione IELTS.<\/div>\n<div><\/div>\n<div>*Modalit\u00e0 di prenotazione e iscrizione:*<\/div>\n<div><\/div>\n<div>\u00a01. attendere la pubblicazione dell\u2019*avviso* di apertura prenotazioni<\/div>\n<div>\u00a0 \u00a0 nella bacheca certificazioni, nella sezione Certificazioni<\/div>\n<div>\u00a0 \u00a0 internazionali del sito del CLA;<\/div>\n<div>\u00a02. *prenotarsi* compilando e inviando l\u2019apposito modulo online (il link<\/div>\n<div>\u00a0 \u00a0 sar\u00e0 disponibile nell\u2019avviso)<\/div>\n<div>\u00a03. consultare la*graduatoria* che sar\u00e0 pubblicata sul sito del CLA e<\/div>\n<div>\u00a0 \u00a0 riporter\u00e0 l\u2019elenco dei candidati ammessi al test, in base all\u2019ordine<\/div>\n<div>\u00a0 \u00a0 di prenotazione, con i relativi turni di convocazione e l\u2019eventuale<\/div>\n<div>\u00a0 \u00a0 lista d\u2019attesa.<\/div>\n<div><\/div>\n<div>In seguito alla partecipazione al placement test *_non_*_*sar\u00e0 rilasciato alcun attestato*_ in quanto la finalit\u00e0 della partecipazione allo stesso \u00e8 *l&#8217;inserimento in una classe* di preparazione a una certificazione linguistica internazionale<\/div>\n<div><\/div>\n<div><\/div>\n<div>Direzione tecnica per le certificazioni linguistiche internazionali Centro Linguistico di Ateneo Universit\u00e0 degli studi di Napoli Federico II Via Mezzocannone, 8<\/div>\n<div>80134 Napoli<\/div>\n<div>Tel.: +39-081-2534011<\/div>\n<div><a href=\"http:\/\/www.cla.unina.it\/\" target=\"_blank\" rel=\"noopener\">www.cla.unina.it<\/a><\/div>\n<h2><\/h2>\n<h2><strong style=\"font-size: 16px\">Calendario Esami di Stato e Discussione Tesi A.A. 2024\/2025<br \/>\n<\/strong><\/h2>\n<\/div>\n<div>\n<p>Sessione Ottobre\/Novembre 2025:\u00a0 da definire<\/p>\n<p>Sessione Marzo\/Aprile 2026:\u00a0 da definire<\/p>\n<\/div>\n<div><\/div>\n<div><\/div>\n<div><\/div>\n<div><\/div>\n<div><\/div>\n<div><\/div>\n<div><\/div>\n<div><\/div>\n<div><\/div>\n<div><\/div>\n<div><\/div>\n<div><\/div>\n<div><\/div>\n","protected":false},"excerpt":{"rendered":"<p>vi comunico che sono aperte, su Esol.unina, le iscrizioni al placement test di lingua inglese rivolto agli studenti iscritti al 1 anno delle Professioni Sanitarie &#8230; <\/p>\n","protected":false},"author":3,"featured_media":0,"parent":36,"menu_order":0,"comment_status":"closed","ping_status":"closed","template":"page-fullwidth.php","meta":{"footnotes":""},"class_list":["post-38","page","type-page","status-publish","hentry"],"_links":{"self":[{"href":"https:\/\/m85.corsidistudio.unina.it\/index.php?rest_route=\/wp\/v2\/pages\/38","targetHints":{"allow":["GET"]}}],"collection":[{"href":"https:\/\/m85.corsidistudio.unina.it\/index.php?rest_route=\/wp\/v2\/pages"}],"about":[{"href":"https:\/\/m85.corsidistudio.unina.it\/index.php?rest_route=\/wp\/v2\/types\/page"}],"author":[{"embeddable":true,"href":"https:\/\/m85.corsidistudio.unina.it\/index.php?rest_route=\/wp\/v2\/users\/3"}],"replies":[{"embeddable":true,"href":"https:\/\/m85.corsidistudio.unina.it\/index.php?rest_route=%2Fwp%2Fv2%2Fcomments&post=38"}],"version-history":[{"count":54,"href":"https:\/\/m85.corsidistudio.unina.it\/index.php?rest_route=\/wp\/v2\/pages\/38\/revisions"}],"predecessor-version":[{"id":713,"href":"https:\/\/m85.corsidistudio.unina.it\/index.php?rest_route=\/wp\/v2\/pages\/38\/revisions\/713"}],"up":[{"embeddable":true,"href":"https:\/\/m85.corsidistudio.unina.it\/index.php?rest_route=\/wp\/v2\/pages\/36"}],"wp:attachment":[{"href":"https:\/\/m85.corsidistudio.unina.it\/index.php?rest_route=%2Fwp%2Fv2%2Fmedia&parent=38"}],"curies":[{"name":"wp","href":"https:\/\/api.w.org\/{rel}","templated":true}]}}